{"id":83,"date":"2024-06-11T19:37:00","date_gmt":"2024-06-11T17:37:00","guid":{"rendered":"http:\/\/192.168.2.129\/?page_id=83"},"modified":"2024-08-13T19:15:52","modified_gmt":"2024-08-13T17:15:52","slug":"wissenswertes","status":"publish","type":"page","link":"https:\/\/dentec-online.de\/index.php\/wissenswertes\/","title":{"rendered":"Wissenswertes"},"content":{"rendered":"\n<h2 class=\"wp-block-heading\" id=\"modelle\">Modelle sind die Grundlage unserer Arbeit<\/h2>\n\n\n\n<figure class=\"wp-block-image size-full\"><img loading=\"lazy\" decoding=\"async\" width=\"220\" height=\"158\" src=\"https:\/\/dentec-online.de\/wp-content\/uploads\/2024\/08\/2e24d8d6c2.jpg\" alt=\"\" class=\"wp-image-299\" title=\"Gipsmodelle\"\/><\/figure>\n\n\n\n<p>Deshalb verwenden wir gro\u00dfe Sorgfalt bei der Herstellung. Der Gips f\u00fcr alle Arbeitsmodelle wird mit einem zeitgesteuerten Vakuum-R\u00fchrger\u00e4t angemischt. Das garantiert eine gleichbleibende hohe Qualit\u00e4t.<\/p>\n\n\n\n<p>Das pin-lose model-tray System, welches wir in unserem Dentallabor einsetzen, setzt Qualit\u00e4tsma\u00dfst\u00e4be f\u00fcr Dimensionsgenauigkeit und un\u00fcbertroffene Pr\u00e4zision bei S\u00e4geschnitt-, Meister- und reponierbaren Duplikatmodellen sowie Diagnostik- und Funktionsmodellen.<\/p>\n\n\n\n<hr class=\"wp-block-separator has-alpha-channel-opacity is-style-wide\"\/>\n\n\n\n<h2 class=\"wp-block-heading\" id=\"artikulatoren\">Artikulatoren<\/h2>\n\n\n\n<figure class=\"wp-block-image size-full\"><img loading=\"lazy\" decoding=\"async\" width=\"220\" height=\"165\" src=\"https:\/\/dentec-online.de\/wp-content\/uploads\/2024\/08\/5c57c849f5-1.jpg\" alt=\"\" class=\"wp-image-249\"\/><\/figure>\n\n\n\n<p>In unserem Labor arbeiten wir mit dem Artikulator &#8220;artex Typ NK&#8221; der Firma Amann-Girrbach AG, da sich mit diesem mittelwertig programmierten Artikulator eine mit dem Patienten weitgehend deckungsgleiche Bewegung nachvollziehen l\u00e4\u00dft.<\/p>\n\n\n\n<p>F\u00fcr die patientenanaloge Bewegungssimulation, die an die statischen Parameter &#8220;Achsrelation&#8221; und &#8220;Kieferrelation&#8221; gebunden ist, empfehlen wir f\u00fcr spezielle prothetischen Ma\u00dfnahmen den Gebrauch des \u201eartex\u201c-Gesichtsbogens. Auf Wunsch stellen wir diesen Gesichtsbogen unseren Kunden kostenlos zur Verf\u00fcgung. In diesen speziellen F\u00e4llen benutzen wir dann das Vollwertger\u00e4t &#8220;artex Typ AR&#8221;.<\/p>\n\n\n\n<p>Alle Artikulatoren sind mit dem &#8220;Splitex&#8221; System auf Baugleichheit justiert. Mit dem Magnetplattensystem wird die metrische Gleichschaltung der Artikulatoren vorgenommen. Zudem vereinfacht die Justierbarkeit der Artikulatoren den Modelltransfer zwischen Praxis und Labor. Verf\u00fcgen beide Seiten \u00fcber einen justierten Artikulator, m\u00fcssen nur noch die Modelle \u00fcbergeben werden und nicht mehr der komplette Artikulator.<\/p>\n\n\n\n<hr class=\"wp-block-separator has-alpha-channel-opacity is-style-wide\"\/>\n\n\n\n<h2 class=\"wp-block-heading\" id=\"pflege\">Brauchen neue Z\u00e4hne Pflege?<\/h2>\n\n\n\n<h3 class=\"wp-block-heading\">Wenn Sie Zahnersatz aus einem zahntechnischen Labor bekommen, sind Sie wahrscheinlich kein Jugendlicher mehr.<\/h3>\n\n\n\n<p>Wie Sie Ihre eigenen Z\u00e4hne bis jetzt gepflegt haben, erlernten Sie sicher schon im Kindesalter. Doch f\u00fcr die Pflege Ihrer neuen Z\u00e4hne gelten besondere Pflegehinweise.<\/p>\n\n\n\n<p>Die Werbung im Fernsehen verspricht viel, oft zuviel. Das gef\u00fcllte Wasserglas, das durch Zusatz der Tablette ABC zur aktiven und perlenden Waschmaschine Ihrer Z\u00e4hne wird, ist mit Vorsicht anzuwenden. Oft sind die sprudelnden Bestandteile der Tablette so aggressiv, da\u00df sie das Material angreifen. Die sichtbaren Zeichen solch einer Materialsch\u00e4digung sind Verf\u00e4rbungen und Materialausl\u00f6sungen. Weitere unsichtbare Folgen sind u.a. eine Erh\u00f6hung der Bruchgefahr durch Verspr\u00f6dung des Materials.<\/p>\n\n\n\n<hr class=\"wp-block-separator has-alpha-channel-opacity is-style-wide\"\/>\n\n\n\n<h2 class=\"wp-block-heading\" id=\"prothesenpflege\">Prothesenpflege<\/h2>\n\n\n\n<h3 class=\"wp-block-heading\">Die t\u00e4gliche Pflege Ihres Zahnersatzes bringt Ihnen Vorteile, die f\u00fcr Sie im Alltag wichtig sind:<\/h3>\n\n\n\n<p>Gutes Aussehen, angenehmen Tragekomfort, Sicherheit und allgemeines Wohlbefinden. Reinigen Sie die Prothese mindestens einmal t\u00e4glich, am besten abends, mit einer mittelharten Zahnb\u00fcrste und etwas Zahnpasta gr\u00fcndlich. Diese manuelle Reinigung l\u00f6st Bel\u00e4ge und Speisereste.<\/p>\n\n\n\n<p>Nach dem B\u00fcrsten die Prothese unter flie\u00dfendem Wasser absp\u00fclen. Jetzt kann der so ges\u00e4uberte Zahnersatz einige Minuten in ein Wasserglas, dem einigen Tropfen erfrischendes und desinfizierendes Mundwasser zugegeben sind, gelegt werden. So behandelt, sind Ihre Z\u00e4hne jeden Tag wie neu. Dar\u00fcber hinaus haben Sie einen frischen Atem und sind so in jeder Situation ansprechend f\u00fcr Partner und Freunde.<\/p>\n\n\n\n<figure class=\"wp-block-image size-full\"><img loading=\"lazy\" decoding=\"async\" width=\"300\" height=\"209\" src=\"https:\/\/dentec-online.de\/wp-content\/uploads\/2024\/08\/c9bc2c3d87.jpg\" alt=\"\" class=\"wp-image-250\"\/><\/figure>\n\n\n\n<hr class=\"wp-block-separator has-alpha-channel-opacity is-style-wide\"\/>\n","protected":false},"excerpt":{"rendered":"<p>Modelle sind die Grundlage unserer Arbeit Deshalb verwenden wir gro\u00dfe Sorgfalt bei der Herstellung. Der Gips f\u00fcr alle Arbeitsmodelle wird mit einem zeitgesteuerten Vakuum-R\u00fchrger\u00e4t angemischt. Das garantiert eine gleichbleibende hohe &#8230;<\/p>\n","protected":false},"author":1,"featured_media":0,"parent":0,"menu_order":0,"comment_status":"closed","ping_status":"closed","template":"","meta":{"footnotes":""},"class_list":["post-83","page","type-page","status-publish","hentry"],"_links":{"self":[{"href":"https:\/\/dentec-online.de\/index.php\/wp-json\/wp\/v2\/pages\/83","targetHints":{"allow":["GET"]}}],"collection":[{"href":"https:\/\/dentec-online.de\/index.php\/wp-json\/wp\/v2\/pages"}],"about":[{"href":"https:\/\/dentec-online.de\/index.php\/wp-json\/wp\/v2\/types\/page"}],"author":[{"embeddable":true,"href":"https:\/\/dentec-online.de\/index.php\/wp-json\/wp\/v2\/users\/1"}],"replies":[{"embeddable":true,"href":"https:\/\/dentec-online.de\/index.php\/wp-json\/wp\/v2\/comments?post=83"}],"version-history":[{"count":5,"href":"https:\/\/dentec-online.de\/index.php\/wp-json\/wp\/v2\/pages\/83\/revisions"}],"predecessor-version":[{"id":300,"href":"https:\/\/dentec-online.de\/index.php\/wp-json\/wp\/v2\/pages\/83\/revisions\/300"}],"wp:attachment":[{"href":"https:\/\/dentec-online.de\/index.php\/wp-json\/wp\/v2\/media?parent=83"}],"curies":[{"name":"wp","href":"https:\/\/api.w.org\/{rel}","templated":true}]}}