{"id":37,"date":"2024-06-11T18:58:26","date_gmt":"2024-06-11T16:58:26","guid":{"rendered":"http:\/\/192.168.2.129\/?page_id=37"},"modified":"2024-08-13T19:19:34","modified_gmt":"2024-08-13T17:19:34","slug":"startseite","status":"publish","type":"page","link":"https:\/\/dentec-online.de\/","title":{"rendered":"Startseite"},"content":{"rendered":"\n<h2 class=\"wp-block-heading\">dentec &#8211; Ihr Zahntechnik Labor in L\u00f6bau<\/h2>\n\n\n\n<hr class=\"wp-block-separator has-alpha-channel-opacity is-style-wide\"\/>\n\n\n\n<h3 class=\"wp-block-heading\"><strong>Kompetenter Partner in Sachen Zahnersatz<\/strong><\/h3>\n\n\n\n<div class=\"wp-block-cover is-light wp-duotone-unset-1\" style=\"min-height:292px;aspect-ratio:unset;\"><span aria-hidden=\"true\" class=\"wp-block-cover__background has-background-dim-100 has-background-dim\" style=\"background-color:#5dbcc0\"><\/span><div class=\"wp-block-cover__inner-container is-layout-flow wp-block-cover-is-layout-flow\">\n<div class=\"wp-block-group\"><div class=\"wp-block-group__inner-container is-layout-constrained wp-block-group-is-layout-constrained\">\n<div class=\"wp-block-media-text is-stacked-on-mobile\" style=\"grid-template-columns:20% auto\"><figure class=\"wp-block-media-text__media\"><img loading=\"lazy\" decoding=\"async\" width=\"215\" height=\"280\" src=\"https:\/\/dentec-online.de\/wp-content\/uploads\/2024\/08\/zahnkrone_02.png\" alt=\"\" class=\"wp-image-292 size-full\"\/><\/figure><div class=\"wp-block-media-text__content\">\n<p class=\"has-text-align-left\">Unser Zahntechnik Labor in L\u00f6bau steht f\u00fcr hohe Qualit\u00e4t und individuelle Kundenbetreuung. Um Sie optimal betreuen zu k\u00f6nnen, m\u00f6chten wir Ihnen mit unseren Service- und Informationsangeboten zur Seite stehen.<br><br>Vertrauen Sie unserer Arbeit, denn wir sind erst dann zufrieden, wenn Sie es sind.<\/p>\n\n\n\n<p class=\"has-text-align-left\">Ihr Zahntechnik Labor in L\u00f6bau<\/p>\n<\/div><\/div>\n<\/div><\/div>\n<\/div><\/div>\n\n\n\n<p class=\"has-text-align-left\"><\/p>\n\n\n\n<h4 class=\"wp-block-heading has-text-align-left\"><em>Ihr bester Schmuck&#8230; sch\u00f6ne Z\u00e4hne<\/em><\/h4>\n\n\n\n<hr class=\"wp-block-separator has-alpha-channel-opacity is-style-wide\"\/>\n\n\n\n<h3 class=\"wp-block-heading\"><strong>\u00dcber Uns<\/strong><\/h3>\n\n\n\n<h4 class=\"wp-block-heading\">Unsere Dienstleistung in Ihrem Auftrag<\/h4>\n\n\n\n<p>Das Dentallabor in L\u00f6bau wurde 1991 gegr\u00fcndet und hat sich seitdem zu einem Anbieter eines breiten zahntechnischem Leistungsspektrums entwickelt. Das Team um Zahntechnikermeister Steffen Titze besteht zur Zeit aus 4 Zahntechnikern. Unser Dentallabor&nbsp;verbindet handwerkliche Kunst und industrielle Pr\u00e4zision zu einem &#8211;&nbsp;Ihrem perfekten Zahnersatz.<\/p>\n\n\n\n<p>Wir verstehen uns als zahntechnische Dienstleister, die Zahn\u00e4rzten und Patienten auf dem Weg zum komfortablen modernen Zahnersatz beratend zur Seite stehen und gleichzeitig einen umfassenden Service in unserem Dentallabor gew\u00e4hrleisten. Unsere Qualifikationen und Erfahrungen in allen Bereichen der Zahntechnik verbinden sich zu einem einzigartigen Leistungsprofil mit dem Ziel, Ihnen den individuellen perfekten Zahnersatz anzufertigen. Neben der nat\u00fcrlich guten und qualitativ anspruchsvollen Zahntechnik, ist der Gedanke des Miteinanders f\u00fcr uns am wichtigsten.<\/p>\n\n\n\n<h4 class=\"wp-block-heading\">Gemeinsam mehr erreichen<\/h4>\n\n\n\n<p>Ihnen die L\u00f6sungen f\u00fcr Ihren Zahnersatz anzubieten, mit denen Sie bestm\u00f6glichst beraten sind &#8211; das ist f\u00fcr unser Dentallabor Selbstverst\u00e4ndnis und t\u00e4gliche Aufgabe zugleich und unsere t\u00e4gliche Herausforderung.<\/p>\n","protected":false},"excerpt":{"rendered":"<p>dentec &#8211; Ihr Zahntechnik Labor in L\u00f6bau Kompetenter Partner in Sachen Zahnersatz Ihr bester Schmuck&#8230; sch\u00f6ne Z\u00e4hne \u00dcber Uns Unsere Dienstleistung in Ihrem Auftrag Das Dentallabor in L\u00f6bau wurde 1991 &#8230;<\/p>\n","protected":false},"author":1,"featured_media":0,"parent":0,"menu_order":0,"comment_status":"closed","ping_status":"closed","template":"","meta":{"footnotes":""},"class_list":["post-37","page","type-page","status-publish","hentry"],"_links":{"self":[{"href":"https:\/\/dentec-online.de\/index.php\/wp-json\/wp\/v2\/pages\/37","targetHints":{"allow":["GET"]}}],"collection":[{"href":"https:\/\/dentec-online.de\/index.php\/wp-json\/wp\/v2\/pages"}],"about":[{"href":"https:\/\/dentec-online.de\/index.php\/wp-json\/wp\/v2\/types\/page"}],"author":[{"embeddable":true,"href":"https:\/\/dentec-online.de\/index.php\/wp-json\/wp\/v2\/users\/1"}],"replies":[{"embeddable":true,"href":"https:\/\/dentec-online.de\/index.php\/wp-json\/wp\/v2\/comments?post=37"}],"version-history":[{"count":10,"href":"https:\/\/dentec-online.de\/index.php\/wp-json\/wp\/v2\/pages\/37\/revisions"}],"predecessor-version":[{"id":301,"href":"https:\/\/dentec-online.de\/index.php\/wp-json\/wp\/v2\/pages\/37\/revisions\/301"}],"wp:attachment":[{"href":"https:\/\/dentec-online.de\/index.php\/wp-json\/wp\/v2\/media?parent=37"}],"curies":[{"name":"wp","href":"https:\/\/api.w.org\/{rel}","templated":true}]}}